{"id":6,"date":"2022-05-09T21:53:20","date_gmt":"2022-05-09T19:53:20","guid":{"rendered":"http:\/\/partystanek.cz\/?page_id=6"},"modified":"2022-05-11T20:31:40","modified_gmt":"2022-05-11T18:31:40","slug":"o-nas","status":"publish","type":"page","link":"https:\/\/partystanek.cz\/?page_id=6","title":{"rendered":"O mn\u011b"},"content":{"rendered":"\n<p>R\u00e1d stav\u00edm, r\u00e1d slav\u00edm, t\u011b\u0161\u00ed m\u011b b\u00fdt mezi lidmi. Cel\u00e9 dva roky Covidu a mo\u017en\u00e1 tro\u0161ku d\u00fdl jsem budoval \u00fatuln\u00e9 m\u00edsto pro rodinn\u00e9 oslavy, svatbu sv\u00e9 dcery a posezen\u00ed s kamar\u00e1dy. Te\u010f ho nab\u00edz\u00edm i V\u00e1m.<\/p>\n\n\n\n<p><\/p>\n","protected":false},"excerpt":{"rendered":"<p>R\u00e1d stav\u00edm, r\u00e1d slav\u00edm, t\u011b\u0161\u00ed m\u011b b\u00fdt mezi lidmi. Cel\u00e9 dva roky Covidu a mo\u017en\u00e1 tro\u0161ku d\u00fdl jsem budoval \u00fatuln\u00e9 m\u00edsto pro rodinn\u00e9 oslavy, svatbu sv\u00e9 dcery a posezen\u00ed s kamar\u00e1dy. Te\u010f ho nab\u00edz\u00edm i V\u00e1m.<\/p>\n","protected":false},"author":1,"featured_media":0,"parent":0,"menu_order":0,"comment_status":"closed","ping_status":"closed","template":"","meta":{"footnotes":""},"class_list":["post-6","page","type-page","status-publish","hentry"],"_links":{"self":[{"href":"https:\/\/partystanek.cz\/index.php?rest_route=\/wp\/v2\/pages\/6","targetHints":{"allow":["GET"]}}],"collection":[{"href":"https:\/\/partystanek.cz\/index.php?rest_route=\/wp\/v2\/pages"}],"about":[{"href":"https:\/\/partystanek.cz\/index.php?rest_route=\/wp\/v2\/types\/page"}],"author":[{"embeddable":true,"href":"https:\/\/partystanek.cz\/index.php?rest_route=\/wp\/v2\/users\/1"}],"replies":[{"embeddable":true,"href":"https:\/\/partystanek.cz\/index.php?rest_route=%2Fwp%2Fv2%2Fcomments&post=6"}],"version-history":[{"count":4,"href":"https:\/\/partystanek.cz\/index.php?rest_route=\/wp\/v2\/pages\/6\/revisions"}],"predecessor-version":[{"id":59,"href":"https:\/\/partystanek.cz\/index.php?rest_route=\/wp\/v2\/pages\/6\/revisions\/59"}],"wp:attachment":[{"href":"https:\/\/partystanek.cz\/index.php?rest_route=%2Fwp%2Fv2%2Fmedia&parent=6"}],"curies":[{"name":"wp","href":"https:\/\/api.w.org\/{rel}","templated":true}]}}