{"id":5,"date":"2022-05-09T21:53:20","date_gmt":"2022-05-09T19:53:20","guid":{"rendered":"http:\/\/partystanek.cz\/?page_id=5"},"modified":"2022-05-12T15:09:07","modified_gmt":"2022-05-12T13:09:07","slug":"create-your-website-with-blocks","status":"publish","type":"page","link":"https:\/\/partystanek.cz\/","title":{"rendered":"P\u00c1RTY ST\u00c1NEK"},"content":{"rendered":"\n<p class=\"has-text-align-center\">na b\u0159ehu Vltavy v Praze Zbraslavi <\/p>\n\n\n\n<p><\/p>\n\n\n\n<p><\/p>\n\n\n\n<p><\/p>\n\n\n\n<div class=\"wp-block-columns alignwide are-vertically-aligned-center is-style-twentytwentyone-columns-overlap is-layout-flex wp-container-core-columns-is-layout-28f84493 wp-block-columns-is-layout-flex\">\n<div class=\"wp-block-column is-vertically-aligned-center is-layout-flow wp-block-column-is-layout-flow\">\n<figure class=\"wp-block-image alignfull size-full\"><img loading=\"lazy\" decoding=\"async\" width=\"1024\" height=\"683\" src=\"http:\/\/partystanek.cz\/wp-content\/uploads\/2022\/05\/WhatsApp-Image-2022-05-05-at-23.34.54.jpeg\" alt=\"\" class=\"wp-image-28\" srcset=\"https:\/\/partystanek.cz\/wp-content\/uploads\/2022\/05\/WhatsApp-Image-2022-05-05-at-23.34.54.jpeg 1024w, https:\/\/partystanek.cz\/wp-content\/uploads\/2022\/05\/WhatsApp-Image-2022-05-05-at-23.34.54-300x200.jpeg 300w, https:\/\/partystanek.cz\/wp-content\/uploads\/2022\/05\/WhatsApp-Image-2022-05-05-at-23.34.54-768x512.jpeg 768w\" sizes=\"auto, (max-width: 1024px) 100vw, 1024px\" \/><\/figure>\n\n\n\n<div style=\"height:100px\" aria-hidden=\"true\" class=\"wp-block-spacer\"><\/div>\n\n\n\n<figure class=\"wp-block-image alignfull size-large is-style-twentytwentyone-image-frame\"><img loading=\"lazy\" decoding=\"async\" width=\"1024\" height=\"683\" src=\"http:\/\/partystanek.cz\/wp-content\/uploads\/2022\/05\/IMG_7165-1024x683.jpg\" alt=\"\" class=\"wp-image-70\" srcset=\"https:\/\/partystanek.cz\/wp-content\/uploads\/2022\/05\/IMG_7165-1024x683.jpg 1024w, https:\/\/partystanek.cz\/wp-content\/uploads\/2022\/05\/IMG_7165-300x200.jpg 300w, https:\/\/partystanek.cz\/wp-content\/uploads\/2022\/05\/IMG_7165-768x512.jpg 768w, https:\/\/partystanek.cz\/wp-content\/uploads\/2022\/05\/IMG_7165.jpg 1280w\" sizes=\"auto, (max-width: 1024px) 100vw, 1024px\" \/><\/figure>\n<\/div>\n\n\n\n<div class=\"wp-block-column is-vertically-aligned-center is-layout-flow wp-block-column-is-layout-flow\">\n<div style=\"height:100px\" aria-hidden=\"true\" class=\"wp-block-spacer\"><\/div>\n\n\n\n<figure class=\"wp-block-image size-full alignfull is-style-twentytwentyone-border\"><img loading=\"lazy\" decoding=\"async\" width=\"1024\" height=\"682\" src=\"http:\/\/partystanek.cz\/wp-content\/uploads\/2022\/05\/WhatsApp-Image-2022-05-05-at-23.34.55.jpeg\" alt=\"\" class=\"wp-image-30\" srcset=\"https:\/\/partystanek.cz\/wp-content\/uploads\/2022\/05\/WhatsApp-Image-2022-05-05-at-23.34.55.jpeg 1024w, https:\/\/partystanek.cz\/wp-content\/uploads\/2022\/05\/WhatsApp-Image-2022-05-05-at-23.34.55-300x200.jpeg 300w, https:\/\/partystanek.cz\/wp-content\/uploads\/2022\/05\/WhatsApp-Image-2022-05-05-at-23.34.55-768x512.jpeg 768w\" sizes=\"auto, (max-width: 1024px) 100vw, 1024px\" \/><\/figure>\n<\/div>\n<\/div>\n\n\n\n<div style=\"height:50px\" aria-hidden=\"true\" class=\"wp-block-spacer\"><\/div>\n\n\n\n<div class=\"wp-block-columns alignwide are-vertically-aligned-top is-layout-flex wp-container-core-columns-is-layout-28f84493 wp-block-columns-is-layout-flex\">\n<div class=\"wp-block-column is-vertically-aligned-top is-layout-flow wp-block-column-is-layout-flow\">\n<h3 class=\"wp-block-heading\">Za ka\u017ed\u00e9ho po\u010das\u00ed<\/h3>\n\n\n\n<p>U n\u00e1s m\u016f\u017eete slavit za ka\u017ed\u00e9ho po\u010das\u00ed. Prostor pod st\u0159echou se d\u00e1 cel\u00fd uzav\u0159\u00edt a vytopit nebo je mo\u017en\u00e9 p\u0159edn\u00ed st\u011bnu p\u0159\u00edst\u0159e\u0161ku \u00fapln\u011b odstranit.<\/p>\n\n\n\n<p><\/p>\n<\/div>\n\n\n\n<div class=\"wp-block-column is-vertically-aligned-top is-layout-flow wp-block-column-is-layout-flow\">\n<h3 class=\"wp-block-heading\">Svatby, oslavy narozenin<\/h3>\n\n\n\n<p>Dovnit\u0159 pod st\u0159echu se pohodln\u011b vejde 35 lidi. S venkovn\u00edm sezen\u00edm se kapacita zv\u00fd\u0161\u00ed a\u017e na 80 host\u016f.<\/p>\n<\/div>\n\n\n\n<div class=\"wp-block-column is-vertically-aligned-top is-layout-flow wp-block-column-is-layout-flow\">\n<h3 class=\"wp-block-heading\">J\u00eddlo a pit\u00ed<\/h3>\n\n\n\n<p>J\u00eddlo a pit\u00ed si m\u016f\u017eete zajistit sami nebo V\u00e1m s t\u00edm pom\u016f\u017eeme.<\/p>\n<\/div>\n<\/div>\n\n\n\n<div class=\"wp-block-columns alignfull are-vertically-aligned-center is-layout-flex wp-container-core-columns-is-layout-28f84493 wp-block-columns-is-layout-flex\">\n<div class=\"wp-block-column is-vertically-aligned-center is-layout-flow wp-block-column-is-layout-flow\" style=\"flex-basis:100%\"><\/div>\n<\/div>\n\n\n\n<p><\/p>\n","protected":false},"excerpt":{"rendered":"<p>na b\u0159ehu Vltavy v Praze Zbraslavi Za ka\u017ed\u00e9ho po\u010das\u00ed U n\u00e1s m\u016f\u017eete slavit za ka\u017ed\u00e9ho po\u010das\u00ed. Prostor pod st\u0159echou se d\u00e1 cel\u00fd uzav\u0159\u00edt a vytopit nebo je mo\u017en\u00e9 p\u0159edn\u00ed st\u011bnu p\u0159\u00edst\u0159e\u0161ku \u00fapln\u011b odstranit. Svatby, oslavy narozenin Dovnit\u0159 pod st\u0159echu se pohodln\u011b vejde 35 lidi. S venkovn\u00edm sezen\u00edm se kapacita zv\u00fd\u0161\u00ed a\u017e na 80 host\u016f. J\u00eddlo [&hellip;]<\/p>\n","protected":false},"author":1,"featured_media":0,"parent":0,"menu_order":0,"comment_status":"closed","ping_status":"closed","template":"","meta":{"footnotes":""},"class_list":["post-5","page","type-page","status-publish","hentry"],"_links":{"self":[{"href":"https:\/\/partystanek.cz\/index.php?rest_route=\/wp\/v2\/pages\/5","targetHints":{"allow":["GET"]}}],"collection":[{"href":"https:\/\/partystanek.cz\/index.php?rest_route=\/wp\/v2\/pages"}],"about":[{"href":"https:\/\/partystanek.cz\/index.php?rest_route=\/wp\/v2\/types\/page"}],"author":[{"embeddable":true,"href":"https:\/\/partystanek.cz\/index.php?rest_route=\/wp\/v2\/users\/1"}],"replies":[{"embeddable":true,"href":"https:\/\/partystanek.cz\/index.php?rest_route=%2Fwp%2Fv2%2Fcomments&post=5"}],"version-history":[{"count":12,"href":"https:\/\/partystanek.cz\/index.php?rest_route=\/wp\/v2\/pages\/5\/revisions"}],"predecessor-version":[{"id":110,"href":"https:\/\/partystanek.cz\/index.php?rest_route=\/wp\/v2\/pages\/5\/revisions\/110"}],"wp:attachment":[{"href":"https:\/\/partystanek.cz\/index.php?rest_route=%2Fwp%2Fv2%2Fmedia&parent=5"}],"curies":[{"name":"wp","href":"https:\/\/api.w.org\/{rel}","templated":true}]}}